{"id":6360,"date":"2025-02-13T20:33:16","date_gmt":"2025-02-14T01:33:16","guid":{"rendered":"https:\/\/mousquiri.com\/?page_id=6360"},"modified":"2026-02-14T16:14:57","modified_gmt":"2026-02-14T21:14:57","slug":"reglements","status":"publish","type":"page","link":"https:\/\/mousquiri.com\/en\/reglements\/","title":{"rendered":"R\u00e8glements"},"content":{"rendered":"<p><span style=\"font-family: georgia, palatino, serif;font-size: 14pt\">Le tournoi national M11 Mousquiri de Richmond est sanctionn\u00e9 par Hockey Qu\u00e9bec, donc les r\u00e8glements de ce dernier<br \/>\ns&#8217;appliquent au tournoi.<\/span><\/p>\n<p><span style=\"font-family: georgia, palatino, serif;font-size: 14pt\">Vous trouverez ci-dessous les r\u00e8glements que nous appliquerons lors de notre tournoi.<\/span><\/p>\n<p><a href=\"http:\/\/mousquiri.com\/wp-content\/uploads\/sites\/597\/2026\/02\/Reglements-2026.pdf\" target=\"\">R\u00e9glements 2026<\/a><\/p>\n","protected":false},"excerpt":{"rendered":"<p>Le tournoi national M11 Mousquiri de Richmond est sanctionn\u00e9 par Hockey Qu\u00e9bec, donc les r\u00e8glements de ce dernier s&#8217;appliquent au tournoi. Vous trouverez ci-dessous les r\u00e8glements que nous appliquerons lors de notre tournoi. R\u00e9glements 2026<\/p>\n","protected":false},"author":573,"featured_media":0,"parent":0,"menu_order":0,"comment_status":"closed","ping_status":"closed","template":"","meta":{"_acf_changed":false,"footnotes":""},"class_list":["post-6360","page","type-page","status-publish","hentry"],"acf":[],"yoast_head":"<!-- This site is optimized with the Yoast SEO plugin v25.7 - https:\/\/yoast.com\/wordpress\/plugins\/seo\/ -->\n<title>R\u00e8glements - Tournoi M11 Mousquiri<\/title>\n<meta name=\"robots\" content=\"index, follow, max-snippet:-1, max-image-preview:large, max-video-preview:-1\" \/>\n<link rel=\"canonical\" href=\"https:\/\/mousquiri.com\/reglements\/\" \/>\n<meta property=\"og:locale\" content=\"en_US\" \/>\n<meta property=\"og:type\" content=\"article\" \/>\n<meta property=\"og:title\" content=\"R\u00e8glements - Tournoi M11 Mousquiri\" \/>\n<meta property=\"og:description\" content=\"Le tournoi national M11 Mousquiri de Richmond est sanctionn\u00e9 par Hockey Qu\u00e9bec, donc les r\u00e8glements de ce dernier s&#8217;appliquent au tournoi. Vous trouverez ci-dessous les r\u00e8glements que nous appliquerons lors de notre tournoi. R\u00e9glements 2026\" \/>\n<meta property=\"og:url\" content=\"https:\/\/mousquiri.com\/reglements\/\" \/>\n<meta property=\"og:site_name\" content=\"Tournoi M11 Mousquiri\" \/>\n<meta property=\"article:modified_time\" content=\"2026-02-14T21:14:57+00:00\" \/>\n<meta name=\"twitter:card\" content=\"summary_large_image\" \/>\n<meta name=\"twitter:label1\" content=\"Est. reading time\" \/>\n\t<meta name=\"twitter:data1\" content=\"1 minute\" \/>\n<script type=\"application\/ld+json\" class=\"yoast-schema-graph\">{\"@context\":\"https:\/\/schema.org\",\"@graph\":[{\"@type\":\"WebPage\",\"@id\":\"https:\/\/mousquiri.com\/reglements\/\",\"url\":\"https:\/\/mousquiri.com\/reglements\/\",\"name\":\"R\u00e8glements - Tournoi M11 Mousquiri\",\"isPartOf\":{\"@id\":\"https:\/\/mousquiri.com\/#website\"},\"datePublished\":\"2025-02-14T01:33:16+00:00\",\"dateModified\":\"2026-02-14T21:14:57+00:00\",\"breadcrumb\":{\"@id\":\"https:\/\/mousquiri.com\/reglements\/#breadcrumb\"},\"inLanguage\":\"en-US\",\"potentialAction\":[{\"@type\":\"ReadAction\",\"target\":[\"https:\/\/mousquiri.com\/reglements\/\"]}]},{\"@type\":\"BreadcrumbList\",\"@id\":\"https:\/\/mousquiri.com\/reglements\/#breadcrumb\",\"itemListElement\":[{\"@type\":\"ListItem\",\"position\":1,\"name\":\"Accueil\",\"item\":\"https:\/\/mousquiri.com\/en\/\"},{\"@type\":\"ListItem\",\"position\":2,\"name\":\"R\u00e8glements\"}]},{\"@type\":\"WebSite\",\"@id\":\"https:\/\/mousquiri.com\/#website\",\"url\":\"https:\/\/mousquiri.com\/\",\"name\":\"Tournoi M11 Mousquiri\",\"description\":\"\",\"potentialAction\":[{\"@type\":\"SearchAction\",\"target\":{\"@type\":\"EntryPoint\",\"urlTemplate\":\"https:\/\/mousquiri.com\/?s={search_term_string}\"},\"query-input\":{\"@type\":\"PropertyValueSpecification\",\"valueRequired\":true,\"valueName\":\"search_term_string\"}}],\"inLanguage\":\"en-US\"}]}<\/script>\n<!-- \/ Yoast SEO plugin. -->","yoast_head_json":{"title":"R\u00e8glements - Tournoi M11 Mousquiri","robots":{"index":"index","follow":"follow","max-snippet":"max-snippet:-1","max-image-preview":"max-image-preview:large","max-video-preview":"max-video-preview:-1"},"canonical":"https:\/\/mousquiri.com\/reglements\/","og_locale":"en_US","og_type":"article","og_title":"R\u00e8glements - Tournoi M11 Mousquiri","og_description":"Le tournoi national M11 Mousquiri de Richmond est sanctionn\u00e9 par Hockey Qu\u00e9bec, donc les r\u00e8glements de ce dernier s&#8217;appliquent au tournoi. Vous trouverez ci-dessous les r\u00e8glements que nous appliquerons lors de notre tournoi. R\u00e9glements 2026","og_url":"https:\/\/mousquiri.com\/reglements\/","og_site_name":"Tournoi M11 Mousquiri","article_modified_time":"2026-02-14T21:14:57+00:00","twitter_card":"summary_large_image","twitter_misc":{"Est. reading time":"1 minute"},"schema":{"@context":"https:\/\/schema.org","@graph":[{"@type":"WebPage","@id":"https:\/\/mousquiri.com\/reglements\/","url":"https:\/\/mousquiri.com\/reglements\/","name":"R\u00e8glements - Tournoi M11 Mousquiri","isPartOf":{"@id":"https:\/\/mousquiri.com\/#website"},"datePublished":"2025-02-14T01:33:16+00:00","dateModified":"2026-02-14T21:14:57+00:00","breadcrumb":{"@id":"https:\/\/mousquiri.com\/reglements\/#breadcrumb"},"inLanguage":"en-US","potentialAction":[{"@type":"ReadAction","target":["https:\/\/mousquiri.com\/reglements\/"]}]},{"@type":"BreadcrumbList","@id":"https:\/\/mousquiri.com\/reglements\/#breadcrumb","itemListElement":[{"@type":"ListItem","position":1,"name":"Accueil","item":"https:\/\/mousquiri.com\/en\/"},{"@type":"ListItem","position":2,"name":"R\u00e8glements"}]},{"@type":"WebSite","@id":"https:\/\/mousquiri.com\/#website","url":"https:\/\/mousquiri.com\/","name":"Tournoi M11 Mousquiri","description":"","potentialAction":[{"@type":"SearchAction","target":{"@type":"EntryPoint","urlTemplate":"https:\/\/mousquiri.com\/?s={search_term_string}"},"query-input":{"@type":"PropertyValueSpecification","valueRequired":true,"valueName":"search_term_string"}}],"inLanguage":"en-US"}]}},"_links":{"self":[{"href":"https:\/\/mousquiri.com\/en\/wp-json\/wp\/v2\/pages\/6360","targetHints":{"allow":["GET"]}}],"collection":[{"href":"https:\/\/mousquiri.com\/en\/wp-json\/wp\/v2\/pages"}],"about":[{"href":"https:\/\/mousquiri.com\/en\/wp-json\/wp\/v2\/types\/page"}],"author":[{"embeddable":true,"href":"https:\/\/mousquiri.com\/en\/wp-json\/wp\/v2\/users\/573"}],"replies":[{"embeddable":true,"href":"https:\/\/mousquiri.com\/en\/wp-json\/wp\/v2\/comments?post=6360"}],"version-history":[{"count":20,"href":"https:\/\/mousquiri.com\/en\/wp-json\/wp\/v2\/pages\/6360\/revisions"}],"predecessor-version":[{"id":9275,"href":"https:\/\/mousquiri.com\/en\/wp-json\/wp\/v2\/pages\/6360\/revisions\/9275"}],"wp:attachment":[{"href":"https:\/\/mousquiri.com\/en\/wp-json\/wp\/v2\/media?parent=6360"}],"curies":[{"name":"wp","href":"https:\/\/api.w.org\/{rel}","templated":true}]}}