{"id":5755,"date":"2024-01-16T10:56:26","date_gmt":"2024-01-16T15:56:26","guid":{"rendered":"https:\/\/mousquiri.com\/histoire-du-tournoi-2\/"},"modified":"2026-01-20T10:30:33","modified_gmt":"2026-01-20T15:30:33","slug":"histoire-du-tournoi-2","status":"publish","type":"page","link":"https:\/\/mousquiri.com\/en\/histoire-du-tournoi-2\/","title":{"rendered":"History of the tournament"},"content":{"rendered":"<h2><span style=\"font-family: arial, helvetica, sans-serif\">THE &#8220;OLDEST&#8221; TOURNAMENT IN THE EASTERN TOWNSHIPS!<\/span><\/h2>\n<p><img loading=\"lazy\" decoding=\"async\" class=\"alignleft wp-image-3757\" src=\"http:\/\/mousquiri.com\/wp-content\/uploads\/sites\/597\/2023\/09\/Ouverture-officielle-1964-300x239.gif\" alt=\"\" width=\"250\" height=\"199\" \/><\/p>\n<p><span style=\"font-family: arial, helvetica, sans-serif\">The National M-11 Mousquiri Tournament of Richmond proudly holds the distinction of being the oldest tournament of its kind in the Eastern Townships. Founded during the 1963\u20131964 season, the tournament will celebrate its 61st edition from February 2 to 15. Its origins trace back to a dedicated group of volunteers from the Richmond Sports Association, who organized the very first regional Mosquito tournament in March 1964, welcoming 13 teams.<\/span><\/p>\n<p><img loading=\"lazy\" decoding=\"async\" class=\"wp-image-3763 alignright\" src=\"http:\/\/mousquiri.com\/wp-content\/uploads\/sites\/597\/2023\/09\/img067-219x300.gif\" alt=\"\" width=\"250\" height=\"342\" \/><\/p>\n<p><span style=\"font-family: arial, helvetica, sans-serif\">Among the founding volunteers were Roger Martel, Paul-\u00c9mile Lefebvre, Albert Dunn and Jean Dion, as well as Oscar Thibault, Lloyd Tibbits, Charles Gendreau, Arthur St-Sauveur, Jean Beaudoin and G\u00e9rard \u201cTi-Noir\u201d Martel.<\/span><\/p>\n<p><span style=\"font-family: arial, helvetica, sans-serif\">The tournament was originally created to prepare regional teams for competition at the Quebec International Pee-Wee Tournament. At the time, organized tournaments were rare, with the event in Quebec City standing almost alone. The founders could hardly have imagined that the Mousquiri Tournament, as it is known today, would grow into one of the longest-running hockey tournaments in Quebec.<\/span><\/p>\n<p><img loading=\"lazy\" decoding=\"async\" class=\"wp-image-3787 alignleft\" src=\"http:\/\/mousquiri.com\/wp-content\/uploads\/sites\/597\/2023\/09\/img028-208x300.gif\" alt=\"\" width=\"200\" height=\"288\" \/><\/p>\n<p><span style=\"font-family: arial, helvetica, sans-serif\">In 1970, the tournament received official accreditation as a provincial Mosquito tournament. A major turning point came in 1975, when the Richmond Mosquito Tournament officially became the Mousquiri Tournament. It was also the first tournament in Quebec to adopt a mascot, with the goal of emphasizing the human and community spirit of a competition dedicated to young players aged 9 to 11.<\/span><\/p>\n<p><span style=\"font-family: arial, helvetica, sans-serif\">This initiative was driven by two key builders of the tournament, Ren\u00e9 Thibault and Gilles Fontaine. Their years of volunteer service led to numerous meaningful achievements, alongside the many other dedicated volunteers who have served on the board of directors over the decades.<\/span><\/p>\n<p><img loading=\"lazy\" decoding=\"async\" class=\"wp-image-3779 alignright\" src=\"http:\/\/mousquiri.com\/wp-content\/uploads\/sites\/597\/2023\/09\/img017-300x205.gif\" alt=\"\" width=\"250\" height=\"171\" \/><span style=\"font-family: arial, helvetica, sans-serif\">In 1986, the tournament was granted national status, allowing it to welcome teams from outside Quebec, including Ontario and the United States. Since then, the organizing committee has consistently hosted teams from beyond provincial borders, particularly from the U.S., with participants coming from Michigan, Wisconsin, New York State, Massachusetts, Rhode Island, Pennsylvania, Vermont, New Hampshire and even California.<\/span><\/p>\n<p><img loading=\"lazy\" decoding=\"async\" class=\"alignleft wp-image-3805\" src=\"http:\/\/mousquiri.com\/wp-content\/uploads\/sites\/597\/2023\/09\/img048-300x188.gif\" alt=\"\" width=\"250\" height=\"157\" \/><span style=\"font-family: arial, helvetica, sans-serif\">Since its inception in 1964, a total of 4,241 games have been played at the Richmond Arena (including the current edition). More than 2,674 teams have taken part in the tournament, with a record-setting 80 teams participating in 1982. Over the years, the tournament has welcomed more than 20,000 young players, many of whom went on to successful professional hockey careers.<\/span><\/p>\n<p><img loading=\"lazy\" decoding=\"async\" class=\"alignright wp-image-3811\" src=\"http:\/\/mousquiri.com\/wp-content\/uploads\/sites\/597\/2023\/09\/img043-211x300.gif\" alt=\"\" width=\"180\" height=\"256\" \/><span style=\"font-family: arial, helvetica, sans-serif\">Notable alumni include Sylvain Lefebvre, Marc Fortier, Sean McKenna, Gilles Hamel, Yannick Perreault and Alan Haworth, as well as Vincent Damphousse, Luc Robitaille, Patrice Brisebois, Martin Brodeur, Patrick Roy, F\u00e9lix Potvin, St\u00e9phane Robidas, Pierre-Marc Bouchard, Patrice Bergeron, Marc-Andr\u00e9 Fleury, Antoine Vermette, Pascal Dupuis, Mathieu Perreault, David Perron and Sarah Vaillancourt. More recently, Anthony Beauvillier and Philippe Danault also played their first competitive games on the ice in Richmond.<\/span><\/p>\n<p><img loading=\"lazy\" decoding=\"async\" class=\"size-medium wp-image-3793 alignleft\" src=\"http:\/\/mousquiri.com\/wp-content\/uploads\/sites\/597\/2023\/09\/img031-300x211.gif\" alt=\"\" width=\"300\" height=\"211\" data-wp-editing=\"1\" \/><span style=\"font-family: arial, helvetica, sans-serif\">In closing, the long-standing success of the Mousquiri Tournament is due in large part to the tireless dedication of its volunteers, the ongoing financial support of its sponsors, the commitment of participating teams, and the unwavering support of the Richmond community and surrounding municipalities. A heartfelt thank you to everyone who has contributed to this tradition over the years.<\/span><\/p>\n<p>&nbsp;<\/p>\n<p>&nbsp;<\/p>\n<p>&nbsp;<\/p>\n<p><strong><span style=\"font-family: arial, helvetica, sans-serif;font-size: 14pt\">Presidents<\/span><\/strong><\/p>\n<p><span style=\"font-family: arial, helvetica, sans-serif\">Nineteen presidents have led the Mousquiri Tournament organizing committee throughout its history. The first was Jean Dion (1964\u20131965), followed by Richard McGee (1966 and 1971), Georges Tremblay (1967\u20131968 and 1969), Guy Thibault (1970), Gilles Fontaine (1972\u20131973 and 1975), Andr\u00e9 Lupien (1974), Richard Thibault (1976), Ren\u00e9 Thibault (1977\u20131978, 1981 and 1994), Richard Huckle (1979), Bertrand M\u00e9nard (1980 and 1982), Roger Huckle (1983\u20131985), Mich\u00e8le Nadeau (1986\u20131989 and 1999\u20132000), Jean-Yves Bourgault (1990\u20131993), Daniel M\u00e9nard (1995\u20131998), Jocelyne Morel (2001 and 2023\u20132026), Michel M\u00e9nard (2002\u20132006), Claude Beaubien (2007), Marco Laprade (2008\u20132009), and Guillaume Cayer-Richard (2010\u20132020).<\/span><\/p>\n<p>&nbsp;<\/p>\n<p>&nbsp;<\/p>\n<p><span style=\"font-family: arial, helvetica, sans-serif\">Research : Guy Marchand<\/span><\/p>\n","protected":false},"excerpt":{"rendered":"<p>THE &#8220;OLDEST&#8221; TOURNAMENT IN THE EASTERN TOWNSHIPS! The National M-11 Mousquiri Tournament of Richmond proudly holds the distinction of being the oldest tournament of its kind in the Eastern Townships. Founded during the 1963\u20131964 season, the tournament will celebrate its 61st edition from February 2 to 15. Its origins trace back to a dedicated group [&hellip;]<\/p>\n","protected":false},"author":193,"featured_media":0,"parent":0,"menu_order":0,"comment_status":"closed","ping_status":"closed","template":"","meta":{"_acf_changed":false,"footnotes":""},"class_list":["post-5755","page","type-page","status-publish","hentry"],"acf":[],"yoast_head":"<!-- This site is optimized with the Yoast SEO plugin v25.7 - https:\/\/yoast.com\/wordpress\/plugins\/seo\/ -->\n<title>History of the tournament - Tournoi M11 Mousquiri<\/title>\n<meta name=\"robots\" content=\"index, follow, max-snippet:-1, max-image-preview:large, max-video-preview:-1\" \/>\n<link rel=\"canonical\" href=\"https:\/\/mousquiri.com\/en\/histoire-du-tournoi-2\/\" \/>\n<meta property=\"og:locale\" content=\"en_US\" \/>\n<meta property=\"og:type\" content=\"article\" \/>\n<meta property=\"og:title\" content=\"History of the tournament - Tournoi M11 Mousquiri\" \/>\n<meta property=\"og:description\" content=\"THE &#8220;OLDEST&#8221; TOURNAMENT IN THE EASTERN TOWNSHIPS! The National M-11 Mousquiri Tournament of Richmond proudly holds the distinction of being the oldest tournament of its kind in the Eastern Townships. Founded during the 1963\u20131964 season, the tournament will celebrate its 61st edition from February 2 to 15. Its origins trace back to a dedicated group [&hellip;]\" \/>\n<meta property=\"og:url\" content=\"https:\/\/mousquiri.com\/en\/histoire-du-tournoi-2\/\" \/>\n<meta property=\"og:site_name\" content=\"Tournoi M11 Mousquiri\" \/>\n<meta property=\"article:modified_time\" content=\"2026-01-20T15:30:33+00:00\" \/>\n<meta property=\"og:image\" content=\"https:\/\/mousquiri.com\/wp-content\/uploads\/sites\/597\/2023\/09\/Ouverture-officielle-1964.gif\" \/>\n\t<meta property=\"og:image:width\" content=\"677\" \/>\n\t<meta property=\"og:image:height\" content=\"540\" \/>\n\t<meta property=\"og:image:type\" content=\"image\/gif\" \/>\n<meta name=\"twitter:card\" content=\"summary_large_image\" \/>\n<meta name=\"twitter:label1\" content=\"Est. reading time\" \/>\n\t<meta name=\"twitter:data1\" content=\"5 minutes\" \/>\n<script type=\"application\/ld+json\" class=\"yoast-schema-graph\">{\"@context\":\"https:\/\/schema.org\",\"@graph\":[{\"@type\":\"WebPage\",\"@id\":\"https:\/\/mousquiri.com\/en\/histoire-du-tournoi-2\/\",\"url\":\"https:\/\/mousquiri.com\/en\/histoire-du-tournoi-2\/\",\"name\":\"History of the tournament - Tournoi M11 Mousquiri\",\"isPartOf\":{\"@id\":\"https:\/\/mousquiri.com\/#website\"},\"primaryImageOfPage\":{\"@id\":\"https:\/\/mousquiri.com\/en\/histoire-du-tournoi-2\/#primaryimage\"},\"image\":{\"@id\":\"https:\/\/mousquiri.com\/en\/histoire-du-tournoi-2\/#primaryimage\"},\"thumbnailUrl\":\"http:\/\/mousquiri.com\/wp-content\/uploads\/sites\/597\/2023\/09\/Ouverture-officielle-1964-300x239.gif\",\"datePublished\":\"2024-01-16T15:56:26+00:00\",\"dateModified\":\"2026-01-20T15:30:33+00:00\",\"breadcrumb\":{\"@id\":\"https:\/\/mousquiri.com\/en\/histoire-du-tournoi-2\/#breadcrumb\"},\"inLanguage\":\"en-US\",\"potentialAction\":[{\"@type\":\"ReadAction\",\"target\":[\"https:\/\/mousquiri.com\/en\/histoire-du-tournoi-2\/\"]}]},{\"@type\":\"ImageObject\",\"inLanguage\":\"en-US\",\"@id\":\"https:\/\/mousquiri.com\/en\/histoire-du-tournoi-2\/#primaryimage\",\"url\":\"http:\/\/mousquiri.com\/wp-content\/uploads\/sites\/597\/2023\/09\/Ouverture-officielle-1964-300x239.gif\",\"contentUrl\":\"http:\/\/mousquiri.com\/wp-content\/uploads\/sites\/597\/2023\/09\/Ouverture-officielle-1964-300x239.gif\"},{\"@type\":\"BreadcrumbList\",\"@id\":\"https:\/\/mousquiri.com\/en\/histoire-du-tournoi-2\/#breadcrumb\",\"itemListElement\":[{\"@type\":\"ListItem\",\"position\":1,\"name\":\"Accueil\",\"item\":\"https:\/\/mousquiri.com\/en\/\"},{\"@type\":\"ListItem\",\"position\":2,\"name\":\"History of the tournament\"}]},{\"@type\":\"WebSite\",\"@id\":\"https:\/\/mousquiri.com\/#website\",\"url\":\"https:\/\/mousquiri.com\/\",\"name\":\"Tournoi M11 Mousquiri\",\"description\":\"\",\"potentialAction\":[{\"@type\":\"SearchAction\",\"target\":{\"@type\":\"EntryPoint\",\"urlTemplate\":\"https:\/\/mousquiri.com\/?s={search_term_string}\"},\"query-input\":{\"@type\":\"PropertyValueSpecification\",\"valueRequired\":true,\"valueName\":\"search_term_string\"}}],\"inLanguage\":\"en-US\"}]}<\/script>\n<!-- \/ Yoast SEO plugin. -->","yoast_head_json":{"title":"History of the tournament - Tournoi M11 Mousquiri","robots":{"index":"index","follow":"follow","max-snippet":"max-snippet:-1","max-image-preview":"max-image-preview:large","max-video-preview":"max-video-preview:-1"},"canonical":"https:\/\/mousquiri.com\/en\/histoire-du-tournoi-2\/","og_locale":"en_US","og_type":"article","og_title":"History of the tournament - Tournoi M11 Mousquiri","og_description":"THE &#8220;OLDEST&#8221; TOURNAMENT IN THE EASTERN TOWNSHIPS! The National M-11 Mousquiri Tournament of Richmond proudly holds the distinction of being the oldest tournament of its kind in the Eastern Townships. Founded during the 1963\u20131964 season, the tournament will celebrate its 61st edition from February 2 to 15. Its origins trace back to a dedicated group [&hellip;]","og_url":"https:\/\/mousquiri.com\/en\/histoire-du-tournoi-2\/","og_site_name":"Tournoi M11 Mousquiri","article_modified_time":"2026-01-20T15:30:33+00:00","og_image":[{"width":677,"height":540,"url":"https:\/\/mousquiri.com\/wp-content\/uploads\/sites\/597\/2023\/09\/Ouverture-officielle-1964.gif","type":"image\/gif"}],"twitter_card":"summary_large_image","twitter_misc":{"Est. reading time":"5 minutes"},"schema":{"@context":"https:\/\/schema.org","@graph":[{"@type":"WebPage","@id":"https:\/\/mousquiri.com\/en\/histoire-du-tournoi-2\/","url":"https:\/\/mousquiri.com\/en\/histoire-du-tournoi-2\/","name":"History of the tournament - Tournoi M11 Mousquiri","isPartOf":{"@id":"https:\/\/mousquiri.com\/#website"},"primaryImageOfPage":{"@id":"https:\/\/mousquiri.com\/en\/histoire-du-tournoi-2\/#primaryimage"},"image":{"@id":"https:\/\/mousquiri.com\/en\/histoire-du-tournoi-2\/#primaryimage"},"thumbnailUrl":"http:\/\/mousquiri.com\/wp-content\/uploads\/sites\/597\/2023\/09\/Ouverture-officielle-1964-300x239.gif","datePublished":"2024-01-16T15:56:26+00:00","dateModified":"2026-01-20T15:30:33+00:00","breadcrumb":{"@id":"https:\/\/mousquiri.com\/en\/histoire-du-tournoi-2\/#breadcrumb"},"inLanguage":"en-US","potentialAction":[{"@type":"ReadAction","target":["https:\/\/mousquiri.com\/en\/histoire-du-tournoi-2\/"]}]},{"@type":"ImageObject","inLanguage":"en-US","@id":"https:\/\/mousquiri.com\/en\/histoire-du-tournoi-2\/#primaryimage","url":"http:\/\/mousquiri.com\/wp-content\/uploads\/sites\/597\/2023\/09\/Ouverture-officielle-1964-300x239.gif","contentUrl":"http:\/\/mousquiri.com\/wp-content\/uploads\/sites\/597\/2023\/09\/Ouverture-officielle-1964-300x239.gif"},{"@type":"BreadcrumbList","@id":"https:\/\/mousquiri.com\/en\/histoire-du-tournoi-2\/#breadcrumb","itemListElement":[{"@type":"ListItem","position":1,"name":"Accueil","item":"https:\/\/mousquiri.com\/en\/"},{"@type":"ListItem","position":2,"name":"History of the tournament"}]},{"@type":"WebSite","@id":"https:\/\/mousquiri.com\/#website","url":"https:\/\/mousquiri.com\/","name":"Tournoi M11 Mousquiri","description":"","potentialAction":[{"@type":"SearchAction","target":{"@type":"EntryPoint","urlTemplate":"https:\/\/mousquiri.com\/?s={search_term_string}"},"query-input":{"@type":"PropertyValueSpecification","valueRequired":true,"valueName":"search_term_string"}}],"inLanguage":"en-US"}]}},"_links":{"self":[{"href":"https:\/\/mousquiri.com\/en\/wp-json\/wp\/v2\/pages\/5755","targetHints":{"allow":["GET"]}}],"collection":[{"href":"https:\/\/mousquiri.com\/en\/wp-json\/wp\/v2\/pages"}],"about":[{"href":"https:\/\/mousquiri.com\/en\/wp-json\/wp\/v2\/types\/page"}],"author":[{"embeddable":true,"href":"https:\/\/mousquiri.com\/en\/wp-json\/wp\/v2\/users\/193"}],"replies":[{"embeddable":true,"href":"https:\/\/mousquiri.com\/en\/wp-json\/wp\/v2\/comments?post=5755"}],"version-history":[{"count":7,"href":"https:\/\/mousquiri.com\/en\/wp-json\/wp\/v2\/pages\/5755\/revisions"}],"predecessor-version":[{"id":8794,"href":"https:\/\/mousquiri.com\/en\/wp-json\/wp\/v2\/pages\/5755\/revisions\/8794"}],"wp:attachment":[{"href":"https:\/\/mousquiri.com\/en\/wp-json\/wp\/v2\/media?parent=5755"}],"curies":[{"name":"wp","href":"https:\/\/api.w.org\/{rel}","templated":true}]}}