{"id":5649,"date":"2025-01-09T15:51:58","date_gmt":"2025-01-09T20:51:58","guid":{"rendered":"https:\/\/mousquiri.com\/autres-visiteurs-de-marque\/"},"modified":"2025-01-09T16:32:16","modified_gmt":"2025-01-09T21:32:16","slug":"autres-visiteurs-de-marque","status":"publish","type":"page","link":"https:\/\/mousquiri.com\/en\/autres-visiteurs-de-marque\/","title":{"rendered":"Other notable visitors"},"content":{"rendered":"<p><span style=\"font-size: 18pt\"><strong><span style=\"font-family: arial, helvetica, sans-serif\">Well-known personalities who passed through during the tournament over the years&#8230;<\/span><\/strong><\/span><\/p>\n<p><span style=\"font-family: arial, helvetica, sans-serif\">Aldo Giampolo (manager of ASV Verdun, director-general of the Bell Centre, manager of C\u00e9line Dion)<\/span><br \/>\n<span style=\"font-family: arial, helvetica, sans-serif\">Mario Tremblay (Canadiens)<\/span><br \/>\n<span style=\"font-family: arial, helvetica, sans-serif\">Ronald Corey (Canadiens)<\/span><br \/>\n<span style=\"font-family: arial, helvetica, sans-serif\">Pat Burns (Canadiens)<\/span><br \/>\n<span style=\"font-family: arial, helvetica, sans-serif\">Mgr Jean-Marie Fortier<\/span><br \/>\n<span style=\"font-family: arial, helvetica, sans-serif\">Pierre Creamer (Canadiens and father of a player)<\/span><br \/>\n<span style=\"font-family: arial, helvetica, sans-serif\">Ron Pich\u00e9 (former professional baseball player)<\/span><br \/>\n<span style=\"font-family: arial, helvetica, sans-serif\">Richard Morency (media and father of a player)<\/span><br \/>\n<span style=\"font-family: arial, helvetica, sans-serif\">Michel Villeneuve (TQS media and father of a player)<\/span><br \/>\n<span style=\"font-family: arial, helvetica, sans-serif\">Andr\u00e9 Rousseau (Journal de Montr\u00e9al media)<\/span><br \/>\n<span style=\"font-family: arial, helvetica, sans-serif\">Fran\u00e7ois Leblond (Journal de Montr\u00e9al media and father of a player)<\/span><br \/>\n<span style=\"font-family: arial, helvetica, sans-serif\">Chris Keating (Buffalo Bills, NFL and father of a player)<\/span><br \/>\n<span style=\"font-family: arial, helvetica, sans-serif\">Steve Rooney (Canadiens and coach)<\/span><br \/>\n<span style=\"font-family: arial, helvetica, sans-serif\">Pierre Mondou (Canadiens and father of a player)<\/span><br \/>\n<span style=\"font-family: arial, helvetica, sans-serif\">Steve Finn (Nordiques and father of a player)<\/span><br \/>\n<span style=\"font-family: arial, helvetica, sans-serif\">R\u00e9jean L\u00e9veill\u00e9 (TVA and CKAC media and father of a player)<\/span><br \/>\n<span style=\"font-family: arial, helvetica, sans-serif\">Jean-Fran\u00e7ois Sauv\u00e9 (Nordiques and father of a player)<\/span><br \/>\n<span style=\"font-family: arial, helvetica, sans-serif\">Gilbert Perreault (Sabres and father of a player)<\/span><br \/>\n<span style=\"font-family: arial, helvetica, sans-serif\">Jean Hamel (Canadiens)<\/span><br \/>\n<span style=\"font-family: arial, helvetica, sans-serif\">Gilles Hamel (Sabres)<\/span><br \/>\n<span style=\"font-family: arial, helvetica, sans-serif\">Alexandre Daigle (Penguins)<\/span><br \/>\n<span style=\"font-family: arial, helvetica, sans-serif\">Robert Bousquet (La Presse media)<\/span><br \/>\n<span style=\"font-family: arial, helvetica, sans-serif\">Sean McKenna (Sabres)<\/span><br \/>\n<span style=\"font-family: arial, helvetica, sans-serif\">Fran\u00e7ois Ferland (Journal de Montr\u00e9al media)<\/span><br \/>\n<span style=\"font-family: arial, helvetica, sans-serif\">Youppi<\/span><br \/>\n<span style=\"font-family: arial, helvetica, sans-serif\">Vincent Riendeau (Red Wings)<\/span><br \/>\n<span style=\"font-family: arial, helvetica, sans-serif\">Serge Boisvert (Canadiens)<\/span><br \/>\n<span style=\"font-family: arial, helvetica, sans-serif\">Martin St-Amour (American League)<\/span><br \/>\n<span style=\"font-family: arial, helvetica, sans-serif\">Jimmy Waite (Black Hawks)<\/span><br \/>\n<span style=\"font-family: arial, helvetica, sans-serif\">Michel Plasse (Canadiens and father of a player)<\/span><br \/>\n<span style=\"font-family: arial, helvetica, sans-serif\">Guy Rouleau (American League)<\/span><br \/>\n<span style=\"font-family: arial, helvetica, sans-serif\">Luc Gauthier (Canadiens)<\/span><br \/>\n<span style=\"font-family: arial, helvetica, sans-serif\">Daniel Marois (Maple Leafs)<\/span><br \/>\n<span style=\"font-family: arial, helvetica, sans-serif\">S\u00e9bastien Charpentier (Capitals)<\/span><br \/>\n<span style=\"font-family: arial, helvetica, sans-serif\">Sylvain Daigle (American League)<\/span><br \/>\n<span style=\"font-family: arial, helvetica, sans-serif\">Mike Sullivan (Bruins coach and father of a player)<\/span><br \/>\n<span style=\"font-family: arial, helvetica, sans-serif\">St\u00e9phane Matteau (Rangers and Sharks, as well as father of a player)<\/span><br \/>\n<span style=\"font-family: arial, helvetica, sans-serif\">Jean-Marc L\u00e9ger (President of L\u00e9ger Polling)<\/span><br \/>\n<span style=\"font-family: arial, helvetica, sans-serif\">\u00c9ric Desjardins (Canadiens-Flyers and father of a player)<\/span><br \/>\n<span style=\"font-family: arial, helvetica, sans-serif\">Maryse Perreault (former speed skating champion)<\/span><br \/>\n<span style=\"font-family: arial, helvetica, sans-serif\">Francis Breault (Black Hawks and father of a player)<\/span><br \/>\n<span style=\"font-family: arial, helvetica, sans-serif\">Yanic Perreault (Canadiens, Maple Leafs, Kings and father of a player)<\/span><br \/>\n<span style=\"font-family: arial, helvetica, sans-serif\">St\u00e9phane Lebeau (Canadiens and father of a player)<\/span><br \/>\n<span style=\"font-family: arial, helvetica, sans-serif\">Fran\u00e7ois Guay (Sabres and father of a player)<\/span><br \/>\n<span style=\"font-family: arial, helvetica, sans-serif\">Martin St-Amour (Senators-Canadiens and father of a player)<\/span><br \/>\n<span style=\"font-family: arial, helvetica, sans-serif\">Pierre S\u00e9vigny (Canadiens and father of a player)<\/span><br \/>\n<span style=\"font-family: arial, helvetica, sans-serif\">Denis Gauthier (Flyers, coach and father of a player)<\/span><br \/>\n<span style=\"font-family: arial, helvetica, sans-serif\">Pascal Rh\u00e9aume (Devils, coach and father of a player)<\/span><br \/>\n<span style=\"font-family: arial, helvetica, sans-serif\">Dave Morissette (Canadiens and father of a player)<\/span><br \/>\n<span style=\"font-family: arial, helvetica, sans-serif\">Mario Langlois (Cogeco radio media and father of a player)<\/span><br \/>\n<span style=\"font-family: arial, helvetica, sans-serif\">Jean-Fran\u00e7ois Baril (actor and father of a player)<\/span><br \/>\n<span style=\"font-family: arial, helvetica, sans-serif\">Vincent Valli\u00e8res (musician-singer and father of a player)<\/span><br \/>\n<span style=\"font-family: arial, helvetica, sans-serif\">Georges Guilbault (former American League player and Sherwood, Sherbrooke Canadiens executive)<\/span><\/p>\n<p><span style=\"font-family: arial, helvetica, sans-serif;font-size: 8pt\">Research: Guy Marchand<\/span><\/p>\n","protected":false},"excerpt":{"rendered":"<p>Well-known personalities who passed through during the tournament over the years&#8230; Aldo Giampolo (manager of ASV Verdun, director-general of the Bell Centre, manager of C\u00e9line Dion) Mario Tremblay (Canadiens) Ronald Corey (Canadiens) Pat Burns (Canadiens) Mgr Jean-Marie Fortier Pierre Creamer (Canadiens and father of a player) Ron Pich\u00e9 (former professional baseball player) Richard Morency (media [&hellip;]<\/p>\n","protected":false},"author":573,"featured_media":0,"parent":0,"menu_order":0,"comment_status":"closed","ping_status":"closed","template":"","meta":{"_acf_changed":false,"footnotes":""},"class_list":["post-5649","page","type-page","status-publish","hentry"],"acf":[],"yoast_head":"<!-- This site is optimized with the Yoast SEO plugin v25.7 - https:\/\/yoast.com\/wordpress\/plugins\/seo\/ -->\n<title>Other notable visitors - Tournoi M11 Mousquiri<\/title>\n<meta name=\"robots\" content=\"index, follow, max-snippet:-1, max-image-preview:large, max-video-preview:-1\" \/>\n<link rel=\"canonical\" href=\"https:\/\/mousquiri.com\/en\/autres-visiteurs-de-marque\/\" \/>\n<meta property=\"og:locale\" content=\"en_US\" \/>\n<meta property=\"og:type\" content=\"article\" \/>\n<meta property=\"og:title\" content=\"Other notable visitors - Tournoi M11 Mousquiri\" \/>\n<meta property=\"og:description\" content=\"Well-known personalities who passed through during the tournament over the years&#8230; Aldo Giampolo (manager of ASV Verdun, director-general of the Bell Centre, manager of C\u00e9line Dion) Mario Tremblay (Canadiens) Ronald Corey (Canadiens) Pat Burns (Canadiens) Mgr Jean-Marie Fortier Pierre Creamer (Canadiens and father of a player) Ron Pich\u00e9 (former professional baseball player) Richard Morency (media [&hellip;]\" \/>\n<meta property=\"og:url\" content=\"https:\/\/mousquiri.com\/en\/autres-visiteurs-de-marque\/\" \/>\n<meta property=\"og:site_name\" content=\"Tournoi M11 Mousquiri\" \/>\n<meta property=\"article:modified_time\" content=\"2025-01-09T21:32:16+00:00\" \/>\n<meta name=\"twitter:card\" content=\"summary_large_image\" \/>\n<meta name=\"twitter:label1\" content=\"Est. reading time\" \/>\n\t<meta name=\"twitter:data1\" content=\"2 minutes\" \/>\n<script type=\"application\/ld+json\" class=\"yoast-schema-graph\">{\"@context\":\"https:\/\/schema.org\",\"@graph\":[{\"@type\":\"WebPage\",\"@id\":\"https:\/\/mousquiri.com\/en\/autres-visiteurs-de-marque\/\",\"url\":\"https:\/\/mousquiri.com\/en\/autres-visiteurs-de-marque\/\",\"name\":\"Other notable visitors - Tournoi M11 Mousquiri\",\"isPartOf\":{\"@id\":\"https:\/\/mousquiri.com\/#website\"},\"datePublished\":\"2025-01-09T20:51:58+00:00\",\"dateModified\":\"2025-01-09T21:32:16+00:00\",\"breadcrumb\":{\"@id\":\"https:\/\/mousquiri.com\/en\/autres-visiteurs-de-marque\/#breadcrumb\"},\"inLanguage\":\"en-US\",\"potentialAction\":[{\"@type\":\"ReadAction\",\"target\":[\"https:\/\/mousquiri.com\/en\/autres-visiteurs-de-marque\/\"]}]},{\"@type\":\"BreadcrumbList\",\"@id\":\"https:\/\/mousquiri.com\/en\/autres-visiteurs-de-marque\/#breadcrumb\",\"itemListElement\":[{\"@type\":\"ListItem\",\"position\":1,\"name\":\"Accueil\",\"item\":\"https:\/\/mousquiri.com\/en\/\"},{\"@type\":\"ListItem\",\"position\":2,\"name\":\"Other notable visitors\"}]},{\"@type\":\"WebSite\",\"@id\":\"https:\/\/mousquiri.com\/#website\",\"url\":\"https:\/\/mousquiri.com\/\",\"name\":\"Tournoi M11 Mousquiri\",\"description\":\"\",\"potentialAction\":[{\"@type\":\"SearchAction\",\"target\":{\"@type\":\"EntryPoint\",\"urlTemplate\":\"https:\/\/mousquiri.com\/?s={search_term_string}\"},\"query-input\":{\"@type\":\"PropertyValueSpecification\",\"valueRequired\":true,\"valueName\":\"search_term_string\"}}],\"inLanguage\":\"en-US\"}]}<\/script>\n<!-- \/ Yoast SEO plugin. -->","yoast_head_json":{"title":"Other notable visitors - Tournoi M11 Mousquiri","robots":{"index":"index","follow":"follow","max-snippet":"max-snippet:-1","max-image-preview":"max-image-preview:large","max-video-preview":"max-video-preview:-1"},"canonical":"https:\/\/mousquiri.com\/en\/autres-visiteurs-de-marque\/","og_locale":"en_US","og_type":"article","og_title":"Other notable visitors - Tournoi M11 Mousquiri","og_description":"Well-known personalities who passed through during the tournament over the years&#8230; Aldo Giampolo (manager of ASV Verdun, director-general of the Bell Centre, manager of C\u00e9line Dion) Mario Tremblay (Canadiens) Ronald Corey (Canadiens) Pat Burns (Canadiens) Mgr Jean-Marie Fortier Pierre Creamer (Canadiens and father of a player) Ron Pich\u00e9 (former professional baseball player) Richard Morency (media [&hellip;]","og_url":"https:\/\/mousquiri.com\/en\/autres-visiteurs-de-marque\/","og_site_name":"Tournoi M11 Mousquiri","article_modified_time":"2025-01-09T21:32:16+00:00","twitter_card":"summary_large_image","twitter_misc":{"Est. reading time":"2 minutes"},"schema":{"@context":"https:\/\/schema.org","@graph":[{"@type":"WebPage","@id":"https:\/\/mousquiri.com\/en\/autres-visiteurs-de-marque\/","url":"https:\/\/mousquiri.com\/en\/autres-visiteurs-de-marque\/","name":"Other notable visitors - Tournoi M11 Mousquiri","isPartOf":{"@id":"https:\/\/mousquiri.com\/#website"},"datePublished":"2025-01-09T20:51:58+00:00","dateModified":"2025-01-09T21:32:16+00:00","breadcrumb":{"@id":"https:\/\/mousquiri.com\/en\/autres-visiteurs-de-marque\/#breadcrumb"},"inLanguage":"en-US","potentialAction":[{"@type":"ReadAction","target":["https:\/\/mousquiri.com\/en\/autres-visiteurs-de-marque\/"]}]},{"@type":"BreadcrumbList","@id":"https:\/\/mousquiri.com\/en\/autres-visiteurs-de-marque\/#breadcrumb","itemListElement":[{"@type":"ListItem","position":1,"name":"Accueil","item":"https:\/\/mousquiri.com\/en\/"},{"@type":"ListItem","position":2,"name":"Other notable visitors"}]},{"@type":"WebSite","@id":"https:\/\/mousquiri.com\/#website","url":"https:\/\/mousquiri.com\/","name":"Tournoi M11 Mousquiri","description":"","potentialAction":[{"@type":"SearchAction","target":{"@type":"EntryPoint","urlTemplate":"https:\/\/mousquiri.com\/?s={search_term_string}"},"query-input":{"@type":"PropertyValueSpecification","valueRequired":true,"valueName":"search_term_string"}}],"inLanguage":"en-US"}]}},"_links":{"self":[{"href":"https:\/\/mousquiri.com\/en\/wp-json\/wp\/v2\/pages\/5649","targetHints":{"allow":["GET"]}}],"collection":[{"href":"https:\/\/mousquiri.com\/en\/wp-json\/wp\/v2\/pages"}],"about":[{"href":"https:\/\/mousquiri.com\/en\/wp-json\/wp\/v2\/types\/page"}],"author":[{"embeddable":true,"href":"https:\/\/mousquiri.com\/en\/wp-json\/wp\/v2\/users\/573"}],"replies":[{"embeddable":true,"href":"https:\/\/mousquiri.com\/en\/wp-json\/wp\/v2\/comments?post=5649"}],"version-history":[{"count":3,"href":"https:\/\/mousquiri.com\/en\/wp-json\/wp\/v2\/pages\/5649\/revisions"}],"predecessor-version":[{"id":5655,"href":"https:\/\/mousquiri.com\/en\/wp-json\/wp\/v2\/pages\/5649\/revisions\/5655"}],"wp:attachment":[{"href":"https:\/\/mousquiri.com\/en\/wp-json\/wp\/v2\/media?parent=5649"}],"curies":[{"name":"wp","href":"https:\/\/api.w.org\/{rel}","templated":true}]}}