{"id":5629,"date":"2025-01-09T16:09:32","date_gmt":"2025-01-09T21:09:32","guid":{"rendered":"https:\/\/mousquiri.com\/presidentes-du-tournoi\/"},"modified":"2026-01-20T11:42:10","modified_gmt":"2026-01-20T16:42:10","slug":"presidentes-du-tournoi","status":"publish","type":"page","link":"https:\/\/mousquiri.com\/en\/presidentes-du-tournoi\/","title":{"rendered":"Presidents"},"content":{"rendered":"<p><span style=\"font-family: arial, helvetica, sans-serif\">There have been 19 volunteer presidents throughout the history of the Mousquiri Tournament organizing committee.<\/span><\/p>\n<ul style=\"list-style-type: square\">\n<li><span style=\"font-family: arial, helvetica, sans-serif\">Jean Dion (1964-1965)<\/span><\/li>\n<li><span style=\"font-family: arial, helvetica, sans-serif\">Richard McGee (1966 and 1971)<\/span><\/li>\n<li><span style=\"font-family: arial, helvetica, sans-serif\">Georges Tremblay (1967-1968 and 1969)<\/span><\/li>\n<li><span style=\"font-family: arial, helvetica, sans-serif\">Guy Thibault (1970)<\/span><\/li>\n<li><span style=\"font-family: arial, helvetica, sans-serif\">Gilles Fontaine (1972-1973 and 1975)<\/span><\/li>\n<li><span style=\"font-family: arial, helvetica, sans-serif\">Andr\u00e9 Lupien (1974)<\/span><\/li>\n<li><span style=\"font-family: arial, helvetica, sans-serif\">Richard Thibault (1976)<\/span><\/li>\n<li><span style=\"font-family: arial, helvetica, sans-serif\">Ren\u00e9 Thibault (1977, 1978, 1981 and 1994)<\/span><\/li>\n<li><span style=\"font-family: arial, helvetica, sans-serif\">Richard Huckle (1979)<\/span><\/li>\n<li><span style=\"font-family: arial, helvetica, sans-serif\">Bertrand M\u00e9nard (1980 and 1982)<\/span><\/li>\n<li><span style=\"font-family: arial, helvetica, sans-serif\">Roger Huckle (1983-1985)<\/span><\/li>\n<li><span style=\"font-family: arial, helvetica, sans-serif\">Mich\u00e8le Nadeau (1986-1989 and 1999-2000)<\/span><\/li>\n<li><span style=\"font-family: arial, helvetica, sans-serif\">Jean-Yves Bourgault (1990-1993)<\/span><\/li>\n<li><span style=\"font-family: arial, helvetica, sans-serif\">Daniel M\u00e9nard (1995-1998)<\/span><\/li>\n<li><span style=\"font-family: arial, helvetica, sans-serif\">Michel M\u00e9nard (2002-2006)<\/span><\/li>\n<li><span style=\"font-family: arial, helvetica, sans-serif\">Claude Beaubien (2007)<\/span><\/li>\n<li><span style=\"font-family: arial, helvetica, sans-serif\">Marco Laprade (2008-2009)<\/span><\/li>\n<li><span style=\"font-family: arial, helvetica, sans-serif\">Guillaume Cayer-Richard (2010-2020)<\/span><\/li>\n<li><span style=\"font-family: arial, helvetica, sans-serif\">Jocelyne Morel (2001 and 2023-2026)<\/span><\/li>\n<\/ul>\n<p>&nbsp;<\/p>\n<p><span style=\"font-family: arial, helvetica, sans-serif;font-size: 8pt\">Research: Guy Marchand<\/span><\/p>\n","protected":false},"excerpt":{"rendered":"<p>There have been 19 volunteer presidents throughout the history of the Mousquiri Tournament organizing committee. Jean Dion (1964-1965) Richard McGee (1966 and 1971) Georges Tremblay (1967-1968 and 1969) Guy Thibault (1970) Gilles Fontaine (1972-1973 and 1975) Andr\u00e9 Lupien (1974) Richard Thibault (1976) Ren\u00e9 Thibault (1977, 1978, 1981 and 1994) Richard Huckle (1979) Bertrand M\u00e9nard (1980 [&hellip;]<\/p>\n","protected":false},"author":573,"featured_media":0,"parent":0,"menu_order":0,"comment_status":"closed","ping_status":"closed","template":"","meta":{"_acf_changed":false,"footnotes":""},"class_list":["post-5629","page","type-page","status-publish","hentry"],"acf":[],"yoast_head":"<!-- This site is optimized with the Yoast SEO plugin v25.7 - https:\/\/yoast.com\/wordpress\/plugins\/seo\/ -->\n<title>Presidents - Tournoi M11 Mousquiri<\/title>\n<meta name=\"robots\" content=\"index, follow, max-snippet:-1, max-image-preview:large, max-video-preview:-1\" \/>\n<link rel=\"canonical\" href=\"https:\/\/mousquiri.com\/en\/presidentes-du-tournoi\/\" \/>\n<meta property=\"og:locale\" content=\"en_US\" \/>\n<meta property=\"og:type\" content=\"article\" \/>\n<meta property=\"og:title\" content=\"Presidents - Tournoi M11 Mousquiri\" \/>\n<meta property=\"og:description\" content=\"There have been 19 volunteer presidents throughout the history of the Mousquiri Tournament organizing committee. Jean Dion (1964-1965) Richard McGee (1966 and 1971) Georges Tremblay (1967-1968 and 1969) Guy Thibault (1970) Gilles Fontaine (1972-1973 and 1975) Andr\u00e9 Lupien (1974) Richard Thibault (1976) Ren\u00e9 Thibault (1977, 1978, 1981 and 1994) Richard Huckle (1979) Bertrand M\u00e9nard (1980 [&hellip;]\" \/>\n<meta property=\"og:url\" content=\"https:\/\/mousquiri.com\/en\/presidentes-du-tournoi\/\" \/>\n<meta property=\"og:site_name\" content=\"Tournoi M11 Mousquiri\" \/>\n<meta property=\"article:modified_time\" content=\"2026-01-20T16:42:10+00:00\" \/>\n<meta name=\"twitter:card\" content=\"summary_large_image\" \/>\n<meta name=\"twitter:label1\" content=\"Est. reading time\" \/>\n\t<meta name=\"twitter:data1\" content=\"1 minute\" \/>\n<script type=\"application\/ld+json\" class=\"yoast-schema-graph\">{\"@context\":\"https:\/\/schema.org\",\"@graph\":[{\"@type\":\"WebPage\",\"@id\":\"https:\/\/mousquiri.com\/en\/presidentes-du-tournoi\/\",\"url\":\"https:\/\/mousquiri.com\/en\/presidentes-du-tournoi\/\",\"name\":\"Presidents - Tournoi M11 Mousquiri\",\"isPartOf\":{\"@id\":\"https:\/\/mousquiri.com\/#website\"},\"datePublished\":\"2025-01-09T21:09:32+00:00\",\"dateModified\":\"2026-01-20T16:42:10+00:00\",\"breadcrumb\":{\"@id\":\"https:\/\/mousquiri.com\/en\/presidentes-du-tournoi\/#breadcrumb\"},\"inLanguage\":\"en-US\",\"potentialAction\":[{\"@type\":\"ReadAction\",\"target\":[\"https:\/\/mousquiri.com\/en\/presidentes-du-tournoi\/\"]}]},{\"@type\":\"BreadcrumbList\",\"@id\":\"https:\/\/mousquiri.com\/en\/presidentes-du-tournoi\/#breadcrumb\",\"itemListElement\":[{\"@type\":\"ListItem\",\"position\":1,\"name\":\"Accueil\",\"item\":\"https:\/\/mousquiri.com\/en\/\"},{\"@type\":\"ListItem\",\"position\":2,\"name\":\"Presidents\"}]},{\"@type\":\"WebSite\",\"@id\":\"https:\/\/mousquiri.com\/#website\",\"url\":\"https:\/\/mousquiri.com\/\",\"name\":\"Tournoi M11 Mousquiri\",\"description\":\"\",\"potentialAction\":[{\"@type\":\"SearchAction\",\"target\":{\"@type\":\"EntryPoint\",\"urlTemplate\":\"https:\/\/mousquiri.com\/?s={search_term_string}\"},\"query-input\":{\"@type\":\"PropertyValueSpecification\",\"valueRequired\":true,\"valueName\":\"search_term_string\"}}],\"inLanguage\":\"en-US\"}]}<\/script>\n<!-- \/ Yoast SEO plugin. -->","yoast_head_json":{"title":"Presidents - Tournoi M11 Mousquiri","robots":{"index":"index","follow":"follow","max-snippet":"max-snippet:-1","max-image-preview":"max-image-preview:large","max-video-preview":"max-video-preview:-1"},"canonical":"https:\/\/mousquiri.com\/en\/presidentes-du-tournoi\/","og_locale":"en_US","og_type":"article","og_title":"Presidents - Tournoi M11 Mousquiri","og_description":"There have been 19 volunteer presidents throughout the history of the Mousquiri Tournament organizing committee. Jean Dion (1964-1965) Richard McGee (1966 and 1971) Georges Tremblay (1967-1968 and 1969) Guy Thibault (1970) Gilles Fontaine (1972-1973 and 1975) Andr\u00e9 Lupien (1974) Richard Thibault (1976) Ren\u00e9 Thibault (1977, 1978, 1981 and 1994) Richard Huckle (1979) Bertrand M\u00e9nard (1980 [&hellip;]","og_url":"https:\/\/mousquiri.com\/en\/presidentes-du-tournoi\/","og_site_name":"Tournoi M11 Mousquiri","article_modified_time":"2026-01-20T16:42:10+00:00","twitter_card":"summary_large_image","twitter_misc":{"Est. reading time":"1 minute"},"schema":{"@context":"https:\/\/schema.org","@graph":[{"@type":"WebPage","@id":"https:\/\/mousquiri.com\/en\/presidentes-du-tournoi\/","url":"https:\/\/mousquiri.com\/en\/presidentes-du-tournoi\/","name":"Presidents - Tournoi M11 Mousquiri","isPartOf":{"@id":"https:\/\/mousquiri.com\/#website"},"datePublished":"2025-01-09T21:09:32+00:00","dateModified":"2026-01-20T16:42:10+00:00","breadcrumb":{"@id":"https:\/\/mousquiri.com\/en\/presidentes-du-tournoi\/#breadcrumb"},"inLanguage":"en-US","potentialAction":[{"@type":"ReadAction","target":["https:\/\/mousquiri.com\/en\/presidentes-du-tournoi\/"]}]},{"@type":"BreadcrumbList","@id":"https:\/\/mousquiri.com\/en\/presidentes-du-tournoi\/#breadcrumb","itemListElement":[{"@type":"ListItem","position":1,"name":"Accueil","item":"https:\/\/mousquiri.com\/en\/"},{"@type":"ListItem","position":2,"name":"Presidents"}]},{"@type":"WebSite","@id":"https:\/\/mousquiri.com\/#website","url":"https:\/\/mousquiri.com\/","name":"Tournoi M11 Mousquiri","description":"","potentialAction":[{"@type":"SearchAction","target":{"@type":"EntryPoint","urlTemplate":"https:\/\/mousquiri.com\/?s={search_term_string}"},"query-input":{"@type":"PropertyValueSpecification","valueRequired":true,"valueName":"search_term_string"}}],"inLanguage":"en-US"}]}},"_links":{"self":[{"href":"https:\/\/mousquiri.com\/en\/wp-json\/wp\/v2\/pages\/5629","targetHints":{"allow":["GET"]}}],"collection":[{"href":"https:\/\/mousquiri.com\/en\/wp-json\/wp\/v2\/pages"}],"about":[{"href":"https:\/\/mousquiri.com\/en\/wp-json\/wp\/v2\/types\/page"}],"author":[{"embeddable":true,"href":"https:\/\/mousquiri.com\/en\/wp-json\/wp\/v2\/users\/573"}],"replies":[{"embeddable":true,"href":"https:\/\/mousquiri.com\/en\/wp-json\/wp\/v2\/comments?post=5629"}],"version-history":[{"count":5,"href":"https:\/\/mousquiri.com\/en\/wp-json\/wp\/v2\/pages\/5629\/revisions"}],"predecessor-version":[{"id":5631,"href":"https:\/\/mousquiri.com\/en\/wp-json\/wp\/v2\/pages\/5629\/revisions\/5631"}],"wp:attachment":[{"href":"https:\/\/mousquiri.com\/en\/wp-json\/wp\/v2\/media?parent=5629"}],"curies":[{"name":"wp","href":"https:\/\/api.w.org\/{rel}","templated":true}]}}