{"id":3379,"date":"2023-08-17T09:11:30","date_gmt":"2023-08-17T13:11:30","guid":{"rendered":"https:\/\/mousquiri.com\/?page_id=3379"},"modified":"2023-09-14T15:30:43","modified_gmt":"2023-09-14T19:30:43","slug":"histoire-du-tournoi","status":"publish","type":"page","link":"https:\/\/mousquiri.com\/en\/histoire-du-tournoi\/","title":{"rendered":"Tournament history"},"content":{"rendered":"<table style=\"height: 1348px;width: 99.5768%;border-collapse: collapse;border-style: hidden\">\n<tbody>\n<tr style=\"height: 668px\">\n<td style=\"width: 33.9709%;height: 668px\">&nbsp;<\/p>\n<p>&nbsp;<\/p>\n<p><img loading=\"lazy\" decoding=\"async\" class=\"aligncenter wp-image-3757\" style=\"text-align: center\" src=\"http:\/\/mousquiri.com\/wp-content\/uploads\/sites\/597\/2023\/09\/Ouverture-officielle-1964.gif\" alt=\"\" width=\"497\" height=\"396\" \/><\/p>\n<p><img loading=\"lazy\" decoding=\"async\" class=\"aligncenter wp-image-3763\" style=\"text-align: center\" src=\"http:\/\/mousquiri.com\/wp-content\/uploads\/sites\/597\/2023\/09\/img067.gif\" alt=\"\" width=\"497\" height=\"681\" \/><\/td>\n<td style=\"width: 84.2462%;border-style: hidden;height: 1207px\"><span style=\"font-family: helvetica, arial, sans-serif;font-size: 18pt\">THE OLDEST TOURNAMENT IN THE EASTERN TOWNSHIPS!<\/span><\/p>\n<p>&nbsp;<\/p>\n<p><span style=\"font-family: helvetica, arial, sans-serif;font-size: 18pt\">The Mousquiri tournament is the oldest M11 (atom) tournament in the province, and the &#8220;oldest&#8221; field hockey tournament of any category in the Eastern Townships. Throughout its 58-year history, the Mousquiri tournament has always welcomed players between the ages of 9 and 11. In short, it has always kept the same category, and only the name has changed, whereas in the early days it was known as the Mosquito Tournament.\u00a0<\/span><\/p>\n<p>&nbsp;<\/p>\n<p><span style=\"font-family: helvetica, arial, sans-serif;font-size: 18pt\">The Richmond Mousquiri M11 National Tournament was created during the 1963-64 season and will be held for the 58th time from February 6 to February 19, 2023. A group of volunteers from the Richmond Sports Association were responsible for organizing the first regional mosquito tournament, held in March 1964 and attended by 13 teams.<\/span><\/p>\n<p>&nbsp;<\/p>\n<p><span style=\"font-family: helvetica, arial, sans-serif;font-size: 18pt\">Volunteers included Roger Martel, Paul-Emile Lefebvre, Albert Dunn and Jean Dion, as well as Oscar Thibault, Lloyd Tibbits, Charles Gendreau, Arthur St-Sauveur, Jean Beaudoin and G\u00e9rard &#8220;Ti-Noir&#8221; Martel.<\/span><\/p>\n<p>&nbsp;<\/p>\n<p><span style=\"font-family: helvetica, arial, sans-serif;font-size: 18pt\">The tournament was set up to prepare the region&#8217;s teams for competition at the Quebec International Pee-Wee Tournament, since tournaments didn&#8217;t exist back then, apart from the one in the Old Capital. Little did the tournament&#8217;s founders know that the Mousquiri tournament as we know it today would, over time, become one of the most enduring in Quebec!<\/span><\/td>\n<\/tr>\n<\/tbody>\n<\/table>\n<table style=\"border-collapse: collapse;width: 100%\">\n<tbody>\n<tr>\n<td style=\"width: 68.3193%;border-style: hidden;vertical-align: middle\"><span style=\"font-family: helvetica, arial, sans-serif;font-size: 18pt\">The tournament was to be accredited as a provincial mosquito tournament in 1970. A major turning point came in 1975, when the Richmond Mosquito Tournament became the Mousquiri Tournament. At the same time, it became the first tournament in Quebec to adopt a mascot, with the aim of enhancing the human side of this competition, which has always welcomed youngsters aged 9 to 11.<\/span><\/p>\n<p>&nbsp;<\/p>\n<p><span style=\"font-family: helvetica, arial, sans-serif;font-size: 18pt\">This initiative was the brainchild of two of the tournament&#8217;s great builders, Ren\u00e9 Thibault and Gilles Fontaine. They were responsible for many fine achievements during their years as volunteers, as were many other volunteers who succeeded each other on the boards of directors over the years.<\/span><\/td>\n<td style=\"width: 31.6807%;border-style: hidden;vertical-align: middle\"><img loading=\"lazy\" decoding=\"async\" class=\"aligncenter wp-image-3787 size-full\" src=\"http:\/\/mousquiri.com\/wp-content\/uploads\/sites\/597\/2023\/09\/img028.gif\" alt=\"\" width=\"325\" height=\"468\" \/><\/td>\n<\/tr>\n<\/tbody>\n<\/table>\n<p>&nbsp;<\/p>\n<table style=\"border-collapse: collapse;width: 100%\">\n<tbody>\n<tr>\n<td style=\"width: 28.4159%;border-style: hidden;vertical-align: middle\"><img loading=\"lazy\" decoding=\"async\" class=\"aligncenter wp-image-3779 size-full\" src=\"http:\/\/mousquiri.com\/wp-content\/uploads\/sites\/597\/2023\/09\/img017.gif\" alt=\"\" width=\"454\" height=\"310\" \/><\/p>\n<p><img loading=\"lazy\" decoding=\"async\" class=\"alignnone wp-image-3805\" src=\"http:\/\/mousquiri.com\/wp-content\/uploads\/sites\/597\/2023\/09\/img048-300x188.gif\" alt=\"\" width=\"454\" height=\"285\" \/><\/td>\n<td style=\"width: 71.5841%;border-style: hidden\"><span style=\"font-family: helvetica, arial, sans-serif;font-size: 18pt\">Then, in 1986, the tournament received national status, enabling it to welcome teams from outside Quebec, including several from Ontario and the USA. Since then, the organizing committee has always welcomed teams from outside Quebec, especially from the USA, including some from Michigan, Wisconsin, New York, Massachusetts, Rhode Island, Pennsylvania, Vermont, New Hampshire and even California!<\/span><\/p>\n<p>&nbsp;<\/p>\n<p><span style=\"font-family: helvetica, arial, sans-serif;font-size: 18pt\">Since the tournament began in 1964, a grand total of 3967 matches have been held at the Richmond arena. More than 2,525 teams have participated in the tournament, including a record 80 in 1982. Over the years, it has also welcomed over 20,000 young players, many of whom went on to become stars in the professional ranks.<\/span><\/td>\n<\/tr>\n<\/tbody>\n<\/table>\n<p>&nbsp;<\/p>\n<table style=\"border-collapse: collapse;width: 100%\">\n<tbody>\n<tr>\n<td style=\"width: 62.6361%;border-style: hidden\"><span style=\"font-family: helvetica, arial, sans-serif;font-size: 18pt\">Just think of Sylvain Lefebvre, Marc Fortier, Sean McKenna, Gilles Hamel, Yannick Perreault and Alan Haworth, as well as Vincent Damphousse, Luc Robitaille, Patrice Brisebois, Martin Brodeur, Patrick Roy, F\u00e9lix Potvin, St\u00e9phane Robidas and Pierre-Marc Bouchard, Patrice Bergeron, Marc-Andr\u00e9 Fleury, Antoine Vermette, Pascal Dupuis, Mathieu Perreault, David Perron, Sarah Vaillancourt and many others, including our last two, Anthony Beauvillier and Philipe Danault, who competed for the first time on Richmond ice.<\/span><\/p>\n<p>&nbsp;<\/p>\n<p><span style=\"font-family: helvetica, arial, sans-serif;font-size: 18pt\">Finally, I&#8217;d like to mention that the tournament&#8217;s success over the decades is due in large part to the work of its volunteers, the ongoing financial support of its sponsors, the participating teams and the support of the people of Richmond and surrounding municipalities.\u00a0 A big THANK YOU to everyone for their encouragement over the years.<\/span><\/td>\n<td style=\"width: 37.3639%;border-style: hidden;text-align: center;vertical-align: middle\"><img loading=\"lazy\" decoding=\"async\" class=\"alignnone wp-image-3811\" src=\"http:\/\/mousquiri.com\/wp-content\/uploads\/sites\/597\/2023\/09\/img043-211x300.gif\" alt=\"\" width=\"437\" height=\"622\" \/><\/p>\n<p><img loading=\"lazy\" decoding=\"async\" class=\"wp-image-3793 size-full aligncenter\" src=\"http:\/\/mousquiri.com\/wp-content\/uploads\/sites\/597\/2023\/09\/img031.gif\" alt=\"\" width=\"430\" height=\"302\" \/><\/td>\n<\/tr>\n<\/tbody>\n<\/table>\n","protected":false},"excerpt":{"rendered":"<p>&nbsp; &nbsp; THE OLDEST TOURNAMENT IN THE EASTERN TOWNSHIPS! &nbsp; The Mousquiri tournament is the oldest M11 (atom) tournament in the province, and the &#8220;oldest&#8221; field hockey tournament of any category in the Eastern Townships. Throughout its 58-year history, the Mousquiri tournament has always welcomed players between the ages of 9 and 11. In short, [&hellip;]<\/p>\n","protected":false},"author":193,"featured_media":0,"parent":0,"menu_order":0,"comment_status":"closed","ping_status":"closed","template":"","meta":{"_acf_changed":false,"footnotes":""},"class_list":["post-3379","page","type-page","status-publish","hentry"],"acf":[],"yoast_head":"<!-- This site is optimized with the Yoast SEO plugin v25.7 - https:\/\/yoast.com\/wordpress\/plugins\/seo\/ -->\n<title>Tournament history - Tournoi M11 Mousquiri<\/title>\n<meta name=\"robots\" content=\"index, follow, max-snippet:-1, max-image-preview:large, max-video-preview:-1\" \/>\n<link rel=\"canonical\" href=\"https:\/\/mousquiri.com\/en\/histoire-du-tournoi\/\" \/>\n<meta property=\"og:locale\" content=\"en_US\" \/>\n<meta property=\"og:type\" content=\"article\" \/>\n<meta property=\"og:title\" content=\"Tournament history - Tournoi M11 Mousquiri\" \/>\n<meta property=\"og:description\" content=\"&nbsp; &nbsp; THE OLDEST TOURNAMENT IN THE EASTERN TOWNSHIPS! &nbsp; The Mousquiri tournament is the oldest M11 (atom) tournament in the province, and the &#8220;oldest&#8221; field hockey tournament of any category in the Eastern Townships. Throughout its 58-year history, the Mousquiri tournament has always welcomed players between the ages of 9 and 11. In short, [&hellip;]\" \/>\n<meta property=\"og:url\" content=\"https:\/\/mousquiri.com\/en\/histoire-du-tournoi\/\" \/>\n<meta property=\"og:site_name\" content=\"Tournoi M11 Mousquiri\" \/>\n<meta property=\"article:modified_time\" content=\"2023-09-14T19:30:43+00:00\" \/>\n<meta property=\"og:image\" content=\"http:\/\/mousquiri.com\/wp-content\/uploads\/sites\/597\/2023\/09\/Ouverture-officielle-1964.gif\" \/>\n<meta name=\"twitter:card\" content=\"summary_large_image\" \/>\n<meta name=\"twitter:label1\" content=\"Est. reading time\" \/>\n\t<meta name=\"twitter:data1\" content=\"5 minutes\" \/>\n<script type=\"application\/ld+json\" class=\"yoast-schema-graph\">{\"@context\":\"https:\/\/schema.org\",\"@graph\":[{\"@type\":\"WebPage\",\"@id\":\"https:\/\/mousquiri.com\/en\/histoire-du-tournoi\/\",\"url\":\"https:\/\/mousquiri.com\/en\/histoire-du-tournoi\/\",\"name\":\"Tournament history - Tournoi M11 Mousquiri\",\"isPartOf\":{\"@id\":\"https:\/\/mousquiri.com\/#website\"},\"primaryImageOfPage\":{\"@id\":\"https:\/\/mousquiri.com\/en\/histoire-du-tournoi\/#primaryimage\"},\"image\":{\"@id\":\"https:\/\/mousquiri.com\/en\/histoire-du-tournoi\/#primaryimage\"},\"thumbnailUrl\":\"http:\/\/mousquiri.com\/wp-content\/uploads\/sites\/597\/2023\/09\/Ouverture-officielle-1964.gif\",\"datePublished\":\"2023-08-17T13:11:30+00:00\",\"dateModified\":\"2023-09-14T19:30:43+00:00\",\"breadcrumb\":{\"@id\":\"https:\/\/mousquiri.com\/en\/histoire-du-tournoi\/#breadcrumb\"},\"inLanguage\":\"en-US\",\"potentialAction\":[{\"@type\":\"ReadAction\",\"target\":[\"https:\/\/mousquiri.com\/en\/histoire-du-tournoi\/\"]}]},{\"@type\":\"ImageObject\",\"inLanguage\":\"en-US\",\"@id\":\"https:\/\/mousquiri.com\/en\/histoire-du-tournoi\/#primaryimage\",\"url\":\"http:\/\/mousquiri.com\/wp-content\/uploads\/sites\/597\/2023\/09\/Ouverture-officielle-1964.gif\",\"contentUrl\":\"http:\/\/mousquiri.com\/wp-content\/uploads\/sites\/597\/2023\/09\/Ouverture-officielle-1964.gif\"},{\"@type\":\"BreadcrumbList\",\"@id\":\"https:\/\/mousquiri.com\/en\/histoire-du-tournoi\/#breadcrumb\",\"itemListElement\":[{\"@type\":\"ListItem\",\"position\":1,\"name\":\"Accueil\",\"item\":\"https:\/\/mousquiri.com\/en\/\"},{\"@type\":\"ListItem\",\"position\":2,\"name\":\"Tournament history\"}]},{\"@type\":\"WebSite\",\"@id\":\"https:\/\/mousquiri.com\/#website\",\"url\":\"https:\/\/mousquiri.com\/\",\"name\":\"Tournoi M11 Mousquiri\",\"description\":\"\",\"potentialAction\":[{\"@type\":\"SearchAction\",\"target\":{\"@type\":\"EntryPoint\",\"urlTemplate\":\"https:\/\/mousquiri.com\/?s={search_term_string}\"},\"query-input\":{\"@type\":\"PropertyValueSpecification\",\"valueRequired\":true,\"valueName\":\"search_term_string\"}}],\"inLanguage\":\"en-US\"}]}<\/script>\n<!-- \/ Yoast SEO plugin. -->","yoast_head_json":{"title":"Tournament history - Tournoi M11 Mousquiri","robots":{"index":"index","follow":"follow","max-snippet":"max-snippet:-1","max-image-preview":"max-image-preview:large","max-video-preview":"max-video-preview:-1"},"canonical":"https:\/\/mousquiri.com\/en\/histoire-du-tournoi\/","og_locale":"en_US","og_type":"article","og_title":"Tournament history - Tournoi M11 Mousquiri","og_description":"&nbsp; &nbsp; THE OLDEST TOURNAMENT IN THE EASTERN TOWNSHIPS! &nbsp; The Mousquiri tournament is the oldest M11 (atom) tournament in the province, and the &#8220;oldest&#8221; field hockey tournament of any category in the Eastern Townships. Throughout its 58-year history, the Mousquiri tournament has always welcomed players between the ages of 9 and 11. In short, [&hellip;]","og_url":"https:\/\/mousquiri.com\/en\/histoire-du-tournoi\/","og_site_name":"Tournoi M11 Mousquiri","article_modified_time":"2023-09-14T19:30:43+00:00","og_image":[{"url":"http:\/\/mousquiri.com\/wp-content\/uploads\/sites\/597\/2023\/09\/Ouverture-officielle-1964.gif","type":"","width":"","height":""}],"twitter_card":"summary_large_image","twitter_misc":{"Est. reading time":"5 minutes"},"schema":{"@context":"https:\/\/schema.org","@graph":[{"@type":"WebPage","@id":"https:\/\/mousquiri.com\/en\/histoire-du-tournoi\/","url":"https:\/\/mousquiri.com\/en\/histoire-du-tournoi\/","name":"Tournament history - Tournoi M11 Mousquiri","isPartOf":{"@id":"https:\/\/mousquiri.com\/#website"},"primaryImageOfPage":{"@id":"https:\/\/mousquiri.com\/en\/histoire-du-tournoi\/#primaryimage"},"image":{"@id":"https:\/\/mousquiri.com\/en\/histoire-du-tournoi\/#primaryimage"},"thumbnailUrl":"http:\/\/mousquiri.com\/wp-content\/uploads\/sites\/597\/2023\/09\/Ouverture-officielle-1964.gif","datePublished":"2023-08-17T13:11:30+00:00","dateModified":"2023-09-14T19:30:43+00:00","breadcrumb":{"@id":"https:\/\/mousquiri.com\/en\/histoire-du-tournoi\/#breadcrumb"},"inLanguage":"en-US","potentialAction":[{"@type":"ReadAction","target":["https:\/\/mousquiri.com\/en\/histoire-du-tournoi\/"]}]},{"@type":"ImageObject","inLanguage":"en-US","@id":"https:\/\/mousquiri.com\/en\/histoire-du-tournoi\/#primaryimage","url":"http:\/\/mousquiri.com\/wp-content\/uploads\/sites\/597\/2023\/09\/Ouverture-officielle-1964.gif","contentUrl":"http:\/\/mousquiri.com\/wp-content\/uploads\/sites\/597\/2023\/09\/Ouverture-officielle-1964.gif"},{"@type":"BreadcrumbList","@id":"https:\/\/mousquiri.com\/en\/histoire-du-tournoi\/#breadcrumb","itemListElement":[{"@type":"ListItem","position":1,"name":"Accueil","item":"https:\/\/mousquiri.com\/en\/"},{"@type":"ListItem","position":2,"name":"Tournament history"}]},{"@type":"WebSite","@id":"https:\/\/mousquiri.com\/#website","url":"https:\/\/mousquiri.com\/","name":"Tournoi M11 Mousquiri","description":"","potentialAction":[{"@type":"SearchAction","target":{"@type":"EntryPoint","urlTemplate":"https:\/\/mousquiri.com\/?s={search_term_string}"},"query-input":{"@type":"PropertyValueSpecification","valueRequired":true,"valueName":"search_term_string"}}],"inLanguage":"en-US"}]}},"_links":{"self":[{"href":"https:\/\/mousquiri.com\/en\/wp-json\/wp\/v2\/pages\/3379","targetHints":{"allow":["GET"]}}],"collection":[{"href":"https:\/\/mousquiri.com\/en\/wp-json\/wp\/v2\/pages"}],"about":[{"href":"https:\/\/mousquiri.com\/en\/wp-json\/wp\/v2\/types\/page"}],"author":[{"embeddable":true,"href":"https:\/\/mousquiri.com\/en\/wp-json\/wp\/v2\/users\/193"}],"replies":[{"embeddable":true,"href":"https:\/\/mousquiri.com\/en\/wp-json\/wp\/v2\/comments?post=3379"}],"version-history":[{"count":5,"href":"https:\/\/mousquiri.com\/en\/wp-json\/wp\/v2\/pages\/3379\/revisions"}],"predecessor-version":[{"id":3871,"href":"https:\/\/mousquiri.com\/en\/wp-json\/wp\/v2\/pages\/3379\/revisions\/3871"}],"wp:attachment":[{"href":"https:\/\/mousquiri.com\/en\/wp-json\/wp\/v2\/media?parent=3379"}],"curies":[{"name":"wp","href":"https:\/\/api.w.org\/{rel}","templated":true}]}}